{"id":382,"date":"2020-06-27T11:32:39","date_gmt":"2020-06-27T11:32:39","guid":{"rendered":"https:\/\/arilfrut.gailu.net\/calidad\/"},"modified":"2020-09-14T09:44:30","modified_gmt":"2020-09-14T09:44:30","slug":"calidad","status":"publish","type":"page","link":"https:\/\/arilfrut.com\/ca\/calidad\/","title":{"rendered":"Qualitat"},"content":{"rendered":"\n<h2 class=\"wp-block-heading\"><br>La seguretat aliment\u00e0ria<br>\u00e9s la nostra prioritat<\/h2>\n\n\n\n<p>ARILFRUT, compleix estrictament amb la legislaci\u00f3 vigent relativa a la tra\u00e7abilitat sent cada lot de producte identificat des del productor fins al client final. Aquests processos d&#8217;identificaci\u00f3 dels nostres lots s\u00f3n revisats i actualitzats constantment mitjan\u00e7ant la tecnologia m\u00e9s avan\u00e7ada per a evitar qualsevol error ja que som conscients de la import\u00e0ncia de la seguretat aliment\u00e0ria. Per a la codificaci\u00f3 dels nostres productes seguim els est\u00e0ndards de codificaci\u00f3 GS1. Aquest comprom\u00eds aporta un gran valor no tangible al consumidor dels nostres productes frescos.<\/p>\n","protected":false},"excerpt":{"rendered":"<p>La seguretat aliment\u00e0ria\u00e9s la nostra prioritat ARILFRUT, compleix estrictament amb la legislaci\u00f3 vigent relativa a la tra\u00e7abilitat sent cada lot de producte identificat des del productor fins al client final. Aquests processos d&#8217;identificaci\u00f3 dels nostres lots s\u00f3n revisats i actualitzats constantment mitjan\u00e7ant la tecnologia m\u00e9s avan\u00e7ada per a evitar qualsevol error ja que som conscients [&hellip;]<\/p>\n","protected":false},"author":1,"featured_media":310,"parent":0,"menu_order":0,"comment_status":"closed","ping_status":"closed","template":"templates\/quality.php","meta":{"footnotes":""},"class_list":["post-382","page","type-page","status-publish","has-post-thumbnail","hentry"],"_links":{"self":[{"href":"https:\/\/arilfrut.com\/ca\/wp-json\/wp\/v2\/pages\/382","targetHints":{"allow":["GET"]}}],"collection":[{"href":"https:\/\/arilfrut.com\/ca\/wp-json\/wp\/v2\/pages"}],"about":[{"href":"https:\/\/arilfrut.com\/ca\/wp-json\/wp\/v2\/types\/page"}],"author":[{"embeddable":true,"href":"https:\/\/arilfrut.com\/ca\/wp-json\/wp\/v2\/users\/1"}],"replies":[{"embeddable":true,"href":"https:\/\/arilfrut.com\/ca\/wp-json\/wp\/v2\/comments?post=382"}],"version-history":[{"count":0,"href":"https:\/\/arilfrut.com\/ca\/wp-json\/wp\/v2\/pages\/382\/revisions"}],"wp:featuredmedia":[{"embeddable":true,"href":"https:\/\/arilfrut.com\/ca\/wp-json\/wp\/v2\/media\/310"}],"wp:attachment":[{"href":"https:\/\/arilfrut.com\/ca\/wp-json\/wp\/v2\/media?parent=382"}],"curies":[{"name":"wp","href":"https:\/\/api.w.org\/{rel}","templated":true}]}}