{"id":384,"date":"2020-06-27T11:32:00","date_gmt":"2020-06-27T11:32:00","guid":{"rendered":"https:\/\/arilfrut.gailu.net\/envasado\/"},"modified":"2020-08-19T07:03:03","modified_gmt":"2020-08-19T07:03:03","slug":"envasado","status":"publish","type":"page","link":"https:\/\/arilfrut.com\/ca\/envasado\/","title":{"rendered":"Envasat"},"content":{"rendered":"\n<h2 class=\"wp-block-heading\">Adaptats a les necessitats i les tend\u00e8ncies<\/h2>\n\n\n\n<p>Actualment existeixen diferents tend\u00e8ncies d&#8217;envasat, sent constants les novetats i la introducci\u00f3 d&#8217;una varietat extraordin\u00e0ria de tipologies que obliguen a una actualitzaci\u00f3 i adaptaci\u00f3 a les demandes dels clients que poden triar un envasat est\u00e0ndard o fet a la seva mesura, satisfent les especificacions de cada comanda.<\/p>\n","protected":false},"excerpt":{"rendered":"<p>Adaptats a les necessitats i les tend\u00e8ncies Actualment existeixen diferents tend\u00e8ncies d&#8217;envasat, sent constants les novetats i la introducci\u00f3 d&#8217;una varietat extraordin\u00e0ria de tipologies que obliguen a una actualitzaci\u00f3 i adaptaci\u00f3 a les demandes dels clients que poden triar un envasat est\u00e0ndard o fet a la seva mesura, satisfent les especificacions de cada comanda.<\/p>\n","protected":false},"author":1,"featured_media":273,"parent":0,"menu_order":0,"comment_status":"closed","ping_status":"closed","template":"templates\/packing.php","meta":{"footnotes":""},"class_list":["post-384","page","type-page","status-publish","has-post-thumbnail","hentry"],"_links":{"self":[{"href":"https:\/\/arilfrut.com\/ca\/wp-json\/wp\/v2\/pages\/384","targetHints":{"allow":["GET"]}}],"collection":[{"href":"https:\/\/arilfrut.com\/ca\/wp-json\/wp\/v2\/pages"}],"about":[{"href":"https:\/\/arilfrut.com\/ca\/wp-json\/wp\/v2\/types\/page"}],"author":[{"embeddable":true,"href":"https:\/\/arilfrut.com\/ca\/wp-json\/wp\/v2\/users\/1"}],"replies":[{"embeddable":true,"href":"https:\/\/arilfrut.com\/ca\/wp-json\/wp\/v2\/comments?post=384"}],"version-history":[{"count":0,"href":"https:\/\/arilfrut.com\/ca\/wp-json\/wp\/v2\/pages\/384\/revisions"}],"wp:featuredmedia":[{"embeddable":true,"href":"https:\/\/arilfrut.com\/ca\/wp-json\/wp\/v2\/media\/273"}],"wp:attachment":[{"href":"https:\/\/arilfrut.com\/ca\/wp-json\/wp\/v2\/media?parent=384"}],"curies":[{"name":"wp","href":"https:\/\/api.w.org\/{rel}","templated":true}]}}