{"id":388,"date":"2020-06-27T11:29:25","date_gmt":"2020-06-27T11:29:25","guid":{"rendered":"https:\/\/arilfrut.gailu.net\/productos\/"},"modified":"2020-09-04T08:01:13","modified_gmt":"2020-09-04T08:01:13","slug":"productos","status":"publish","type":"page","link":"https:\/\/arilfrut.com\/ca\/productos\/","title":{"rendered":"Productes"},"content":{"rendered":"\n<h2 class=\"wp-block-heading\">Els nostres productes: fruita seleccionada de qualitat<\/h2>\n\n\n\n<p>La xifra de fruita comercialitzada anualment per&nbsp;ARILFRUT&nbsp;varia en funci\u00f3 de la producci\u00f3 , al voltant de 22.000 tones , de les quals:<\/p>\n\n\n\n<table>\n<tr><td style=\"padding-right:30px;\"><strong>Comercialitzaci\u00f3<\/strong><\/td><td style=\"padding-right:30px;\"><strong>Per\u00edode de recol\u00b7lecci\u00f3<\/strong><\/td><\/tr>\n<tr><td style=\"padding-right:30px;\">Peres: 9.500 T<\/td><td>de juliol a octubre<\/td><\/tr>\n<tr><td style=\"padding-right:30px;\">Pomes: 7.500 T<\/td><td>de setembre a novembre<\/td><\/tr>\n<tr><td style=\"padding-right:30px;\">Nectarines i platerines: 3.600 T<\/td><td>de juny a setembre<\/td><\/tr>\n<tr><td style=\"padding-right:30px;\">Pr\u00e9ssecs i paraguaians: 1.500 T<\/td><td style=\"padding-right:30px;\">de juny a setembre<\/td><\/tr>\n<tr><td style=\"padding-right:30px;\">Fruites diverses: 200 T<\/td><td>de juny a setembre<\/td><\/tr>\n<\/table>\n","protected":false},"excerpt":{"rendered":"<p>Els nostres productes: fruita seleccionada de qualitat La xifra de fruita comercialitzada anualment per&nbsp;ARILFRUT&nbsp;varia en funci\u00f3 de la producci\u00f3 , al voltant de 22.000 tones , de les quals: Comercialitzaci\u00f3 Per\u00edode de recol\u00b7lecci\u00f3 Peres: 9.500 T de juliol a octubre Pomes: 7.500 T de setembre a novembre Nectarines i platerines: 3.600 T de juny a [&hellip;]<\/p>\n","protected":false},"author":1,"featured_media":252,"parent":0,"menu_order":0,"comment_status":"closed","ping_status":"closed","template":"templates\/products.php","meta":{"footnotes":""},"class_list":["post-388","page","type-page","status-publish","has-post-thumbnail","hentry"],"_links":{"self":[{"href":"https:\/\/arilfrut.com\/ca\/wp-json\/wp\/v2\/pages\/388","targetHints":{"allow":["GET"]}}],"collection":[{"href":"https:\/\/arilfrut.com\/ca\/wp-json\/wp\/v2\/pages"}],"about":[{"href":"https:\/\/arilfrut.com\/ca\/wp-json\/wp\/v2\/types\/page"}],"author":[{"embeddable":true,"href":"https:\/\/arilfrut.com\/ca\/wp-json\/wp\/v2\/users\/1"}],"replies":[{"embeddable":true,"href":"https:\/\/arilfrut.com\/ca\/wp-json\/wp\/v2\/comments?post=388"}],"version-history":[{"count":0,"href":"https:\/\/arilfrut.com\/ca\/wp-json\/wp\/v2\/pages\/388\/revisions"}],"wp:featuredmedia":[{"embeddable":true,"href":"https:\/\/arilfrut.com\/ca\/wp-json\/wp\/v2\/media\/252"}],"wp:attachment":[{"href":"https:\/\/arilfrut.com\/ca\/wp-json\/wp\/v2\/media?parent=388"}],"curies":[{"name":"wp","href":"https:\/\/api.w.org\/{rel}","templated":true}]}}