{"id":390,"date":"2020-06-27T11:27:29","date_gmt":"2020-06-27T11:27:29","guid":{"rendered":"https:\/\/arilfrut.gailu.net\/sobre-arilfrut\/"},"modified":"2020-11-09T07:51:03","modified_gmt":"2020-11-09T07:51:03","slug":"sobre-arilfrut","status":"publish","type":"page","link":"https:\/\/arilfrut.com\/ca\/sobre-arilfrut\/","title":{"rendered":"Sobre Arilfrut"},"content":{"rendered":"\n<h2 class=\"wp-block-heading\"><strong><span style=\"color:#ff8989\" class=\"has-inline-color\">Des de 1963 <\/span><\/strong><\/h2>\n\n\n\n<h2 class=\"wp-block-heading\"><strong><span style=\"color:#ff8989\" class=\"has-inline-color\">a Lleida<\/span><\/strong><\/h2>\n\n\n\n<p>Arilfrut \u00e9s una central fruct\u00edcola creada l&#8217;any 1.963 per empresaris de la zona de Lleida amb gran experi\u00e8ncia en el sector hortofruct\u00edcola amb l&#8217;objectiu principal de facilitar als productors de fruita del seu entorn la millor i m\u00e9s competitiva comercialitzaci\u00f3 dels seus productes. Cal destacar que la prov\u00edncia de Lleida suposa la major concentraci\u00f3 de fruita dol\u00e7a d&#8217;Espanya i una de les m\u00e9s importants de la Uni\u00f3 Europea. A m\u00e9s, Lleida \u00e9s la prov\u00edncia espanyola l\u00edder en producci\u00f3 de fruites de llavor i una de les principals en fruites d&#8217;os.<\/p>\n\n\n\n<p>Els prove\u00efdors&nbsp;d&#8217;ARILFRUT, s\u00f3n agricultors de les comarques del Segri\u00e0, la Noguera, el Pla d&#8217;Urgell, a Lleida i de la Franja a Osca, amb d\u00e8cades de vinculaci\u00f3 amb l&#8217;empresa en molts casos, que compten amb els nostres t\u00e8cnics per&nbsp;a l&#8217;assessorament&nbsp;i ajuda en l&#8217;explotaci\u00f3 dels seus camps de cultiu i l&#8217;obtenci\u00f3 d&#8217;una fruita de m\u00e9s qualitat. Els nostres prove\u00efdors s\u00f3n, majorit\u00e0riament, socis de l&#8217;empresa, de manera que empresa i prove\u00efdors constitueixen una gran fam\u00edlia.<\/p>\n","protected":false},"excerpt":{"rendered":"<p>Des de 1963 a Lleida Arilfrut \u00e9s una central fruct\u00edcola creada l&#8217;any 1.963 per empresaris de la zona de Lleida amb gran experi\u00e8ncia en el sector hortofruct\u00edcola amb l&#8217;objectiu principal de facilitar als productors de fruita del seu entorn la millor i m\u00e9s competitiva comercialitzaci\u00f3 dels seus productes. Cal destacar que la prov\u00edncia de Lleida [&hellip;]<\/p>\n","protected":false},"author":1,"featured_media":181,"parent":0,"menu_order":0,"comment_status":"closed","ping_status":"closed","template":"templates\/aboutpage.php","meta":{"footnotes":""},"class_list":["post-390","page","type-page","status-publish","has-post-thumbnail","hentry"],"_links":{"self":[{"href":"https:\/\/arilfrut.com\/ca\/wp-json\/wp\/v2\/pages\/390","targetHints":{"allow":["GET"]}}],"collection":[{"href":"https:\/\/arilfrut.com\/ca\/wp-json\/wp\/v2\/pages"}],"about":[{"href":"https:\/\/arilfrut.com\/ca\/wp-json\/wp\/v2\/types\/page"}],"author":[{"embeddable":true,"href":"https:\/\/arilfrut.com\/ca\/wp-json\/wp\/v2\/users\/1"}],"replies":[{"embeddable":true,"href":"https:\/\/arilfrut.com\/ca\/wp-json\/wp\/v2\/comments?post=390"}],"version-history":[{"count":0,"href":"https:\/\/arilfrut.com\/ca\/wp-json\/wp\/v2\/pages\/390\/revisions"}],"wp:featuredmedia":[{"embeddable":true,"href":"https:\/\/arilfrut.com\/ca\/wp-json\/wp\/v2\/media\/181"}],"wp:attachment":[{"href":"https:\/\/arilfrut.com\/ca\/wp-json\/wp\/v2\/media?parent=390"}],"curies":[{"name":"wp","href":"https:\/\/api.w.org\/{rel}","templated":true}]}}