{"id":1040,"date":"2020-06-27T11:32:39","date_gmt":"2020-06-27T11:32:39","guid":{"rendered":"https:\/\/arilfrut.gailu.net\/calidad\/"},"modified":"2020-09-14T09:43:49","modified_gmt":"2020-09-14T09:43:49","slug":"calidad","status":"publish","type":"page","link":"https:\/\/arilfrut.com\/fr\/calidad\/","title":{"rendered":"Qualit\u00e9"},"content":{"rendered":"\n<h2 class=\"wp-block-heading\">La s\u00e9curit\u00e9 alimentaire est notre priorit\u00e9<\/h2>\n\n\n\n<p>ARILFRUT respecte strictement la l\u00e9gislation en vigueur relative \u00e0 la tra\u00e7abilit\u00e9, chaque lot de produit \u00e9tant identifi\u00e9 depuis le producteur jusqu\u2019au client final. Les processus d\u2019identification de nos lots sont r\u00e9vis\u00e9s et actualis\u00e9s constamment gr\u00e2ce aux technologies les plus avanc\u00e9es afin d\u2019\u00e9viter toute erreur, car nous sommes conscients de l\u2019importance de la s\u00e9curit\u00e9 alimentaire. Pour coder nos produits, nous suivons les normes de codification GS1. Cet engagement apporte une grande valeur ajout\u00e9e au consommateur de nos produits frais.<\/p>\n","protected":false},"excerpt":{"rendered":"<p>La s\u00e9curit\u00e9 alimentaire est notre priorit\u00e9 ARILFRUT respecte strictement la l\u00e9gislation en vigueur relative \u00e0 la tra\u00e7abilit\u00e9, chaque lot de produit \u00e9tant identifi\u00e9 depuis le producteur jusqu\u2019au client final. Les processus d\u2019identification de nos lots sont r\u00e9vis\u00e9s et actualis\u00e9s constamment gr\u00e2ce aux technologies les plus avanc\u00e9es afin d\u2019\u00e9viter toute erreur, car nous sommes conscients de [&hellip;]<\/p>\n","protected":false},"author":1,"featured_media":1041,"parent":0,"menu_order":0,"comment_status":"closed","ping_status":"closed","template":"templates\/quality.php","meta":{"footnotes":""},"class_list":["post-1040","page","type-page","status-publish","has-post-thumbnail","hentry"],"_links":{"self":[{"href":"https:\/\/arilfrut.com\/fr\/wp-json\/wp\/v2\/pages\/1040","targetHints":{"allow":["GET"]}}],"collection":[{"href":"https:\/\/arilfrut.com\/fr\/wp-json\/wp\/v2\/pages"}],"about":[{"href":"https:\/\/arilfrut.com\/fr\/wp-json\/wp\/v2\/types\/page"}],"author":[{"embeddable":true,"href":"https:\/\/arilfrut.com\/fr\/wp-json\/wp\/v2\/users\/1"}],"replies":[{"embeddable":true,"href":"https:\/\/arilfrut.com\/fr\/wp-json\/wp\/v2\/comments?post=1040"}],"version-history":[{"count":0,"href":"https:\/\/arilfrut.com\/fr\/wp-json\/wp\/v2\/pages\/1040\/revisions"}],"wp:featuredmedia":[{"embeddable":true,"href":"https:\/\/arilfrut.com\/fr\/wp-json\/wp\/v2\/media\/1041"}],"wp:attachment":[{"href":"https:\/\/arilfrut.com\/fr\/wp-json\/wp\/v2\/media?parent=1040"}],"curies":[{"name":"wp","href":"https:\/\/api.w.org\/{rel}","templated":true}]}}