{"id":1046,"date":"2020-06-27T11:32:00","date_gmt":"2020-06-27T11:32:00","guid":{"rendered":"https:\/\/arilfrut.gailu.net\/envasado\/"},"modified":"2020-09-21T07:23:10","modified_gmt":"2020-09-21T07:23:10","slug":"envasado","status":"publish","type":"page","link":"https:\/\/arilfrut.com\/fr\/envasado\/","title":{"rendered":"Emballage"},"content":{"rendered":"\n<h2 class=\"wp-block-heading\">Adapt\u00e9s aux besoins et aux tendances<\/h2>\n\n\n\n<p>Il existe actuellement diff\u00e9rentes tendances d\u2019emballage. Des nouveaut\u00e9s apparaissent constamment et une tr\u00e8s grande vari\u00e9t\u00e9 de types d\u2019emballages sont introduits, ce qui oblige \u00e0 nous actualiser et nous adapter \u00e0 la demande des clients. Ceux-ci peuvent choisir un emballage standard ou sur mesure, ce qui permet de satisfaire les sp\u00e9cifications de chaque commande.<\/p>\n","protected":false},"excerpt":{"rendered":"<p>Adapt\u00e9s aux besoins et aux tendances Il existe actuellement diff\u00e9rentes tendances d\u2019emballage. Des nouveaut\u00e9s apparaissent constamment et une tr\u00e8s grande vari\u00e9t\u00e9 de types d\u2019emballages sont introduits, ce qui oblige \u00e0 nous actualiser et nous adapter \u00e0 la demande des clients. Ceux-ci peuvent choisir un emballage standard ou sur mesure, ce qui permet de satisfaire les [&hellip;]<\/p>\n","protected":false},"author":1,"featured_media":1047,"parent":0,"menu_order":0,"comment_status":"closed","ping_status":"closed","template":"templates\/packing.php","meta":{"footnotes":""},"class_list":["post-1046","page","type-page","status-publish","has-post-thumbnail","hentry"],"_links":{"self":[{"href":"https:\/\/arilfrut.com\/fr\/wp-json\/wp\/v2\/pages\/1046","targetHints":{"allow":["GET"]}}],"collection":[{"href":"https:\/\/arilfrut.com\/fr\/wp-json\/wp\/v2\/pages"}],"about":[{"href":"https:\/\/arilfrut.com\/fr\/wp-json\/wp\/v2\/types\/page"}],"author":[{"embeddable":true,"href":"https:\/\/arilfrut.com\/fr\/wp-json\/wp\/v2\/users\/1"}],"replies":[{"embeddable":true,"href":"https:\/\/arilfrut.com\/fr\/wp-json\/wp\/v2\/comments?post=1046"}],"version-history":[{"count":0,"href":"https:\/\/arilfrut.com\/fr\/wp-json\/wp\/v2\/pages\/1046\/revisions"}],"wp:featuredmedia":[{"embeddable":true,"href":"https:\/\/arilfrut.com\/fr\/wp-json\/wp\/v2\/media\/1047"}],"wp:attachment":[{"href":"https:\/\/arilfrut.com\/fr\/wp-json\/wp\/v2\/media?parent=1046"}],"curies":[{"name":"wp","href":"https:\/\/api.w.org\/{rel}","templated":true}]}}