{"id":1056,"date":"2020-06-27T11:29:25","date_gmt":"2020-06-27T11:29:25","guid":{"rendered":"https:\/\/arilfrut.gailu.net\/productos\/"},"modified":"2020-09-14T08:35:05","modified_gmt":"2020-09-14T08:35:05","slug":"productos","status":"publish","type":"page","link":"https:\/\/arilfrut.com\/fr\/productos\/","title":{"rendered":"Produits"},"content":{"rendered":"\n<h2 class=\"wp-block-heading\"><strong>Nos produits\u00a0: des fruits s\u00e9lectionn\u00e9s de qualit\u00e9<\/strong><\/h2>\n\n\n\n<p>Le chiffre des fruits commercialis\u00e9s chaque ann\u00e9e par ARILFRUT varie en fonction de la production et s\u2019\u00e9l\u00e8ve \u00e0 environ 22\u00a0000 tonnes, dont\u00a0:<\/p>\n\n\n\n<table>\n<tr><td style=\"padding-right:30px;\"><strong>Commercialisation<\/strong><\/td><td style=\"padding-right:30px;\"><strong>La p\u00e9riode de collecte<\/strong><\/td><\/tr>\n<tr><td style=\"padding-right:30px;\">Poires: 9.500 T<\/td><td>de juillet \u00e0 octobre<\/td><\/tr>\n<tr><td style=\"padding-right:30px;\">Pommes: 7.500 T<\/td><td>de septembre \u00e0 novembre<\/td><\/tr>\n<tr><td style=\"padding-right:30px;\">P\u00eaches et p\u00eaches plates: 3.600 T<\/td><td>de Junio a Septiembre<\/td><\/tr>\n<tr><td style=\"padding-right:30px;\">Melocotones y paraguayos: 1.500 T<\/td><td style=\"padding-right:30px;\">de juin \u00e0 septembre<\/td><\/tr>\n<tr><td style=\"padding-right:30px;\">Fruits vari\u00e9s: 200 T<\/td><td>de juin \u00e0 septembre<\/td><\/tr>\n<\/table>\n\n\n\n<p><\/p>\n","protected":false},"excerpt":{"rendered":"<p>Nos produits\u00a0: des fruits s\u00e9lectionn\u00e9s de qualit\u00e9 Le chiffre des fruits commercialis\u00e9s chaque ann\u00e9e par ARILFRUT varie en fonction de la production et s\u2019\u00e9l\u00e8ve \u00e0 environ 22\u00a0000 tonnes, dont\u00a0: Commercialisation La p\u00e9riode de collecte Poires: 9.500 T de juillet \u00e0 octobre Pommes: 7.500 T de septembre \u00e0 novembre P\u00eaches et p\u00eaches plates: 3.600 T de [&hellip;]<\/p>\n","protected":false},"author":1,"featured_media":1057,"parent":0,"menu_order":0,"comment_status":"closed","ping_status":"closed","template":"templates\/products.php","meta":{"footnotes":""},"class_list":["post-1056","page","type-page","status-publish","has-post-thumbnail","hentry"],"_links":{"self":[{"href":"https:\/\/arilfrut.com\/fr\/wp-json\/wp\/v2\/pages\/1056","targetHints":{"allow":["GET"]}}],"collection":[{"href":"https:\/\/arilfrut.com\/fr\/wp-json\/wp\/v2\/pages"}],"about":[{"href":"https:\/\/arilfrut.com\/fr\/wp-json\/wp\/v2\/types\/page"}],"author":[{"embeddable":true,"href":"https:\/\/arilfrut.com\/fr\/wp-json\/wp\/v2\/users\/1"}],"replies":[{"embeddable":true,"href":"https:\/\/arilfrut.com\/fr\/wp-json\/wp\/v2\/comments?post=1056"}],"version-history":[{"count":0,"href":"https:\/\/arilfrut.com\/fr\/wp-json\/wp\/v2\/pages\/1056\/revisions"}],"wp:featuredmedia":[{"embeddable":true,"href":"https:\/\/arilfrut.com\/fr\/wp-json\/wp\/v2\/media\/1057"}],"wp:attachment":[{"href":"https:\/\/arilfrut.com\/fr\/wp-json\/wp\/v2\/media?parent=1056"}],"curies":[{"name":"wp","href":"https:\/\/api.w.org\/{rel}","templated":true}]}}