{"id":1060,"date":"2020-06-27T11:27:29","date_gmt":"2020-06-27T11:27:29","guid":{"rendered":"https:\/\/arilfrut.gailu.net\/sobre-arilfrut\/"},"modified":"2020-09-14T10:04:54","modified_gmt":"2020-09-14T10:04:54","slug":"sobre-arilfrut","status":"publish","type":"page","link":"https:\/\/arilfrut.com\/fr\/sobre-arilfrut\/","title":{"rendered":"\u00c0 propos d\u2019Arilfrut"},"content":{"rendered":"\n<h2 class=\"wp-block-heading\"><strong><span style=\"color:#ff8989\" class=\"has-inline-color\">Depuis 1963 <\/span><\/strong><\/h2>\n\n\n\n<h2 class=\"wp-block-heading\"><strong><span style=\"color:#ff8989\" class=\"has-inline-color\">\u00e0 Lleida<\/span><\/strong><\/h2>\n\n\n\n<p>Arilfrut est une centrale fruiti\u00e8re qui a \u00e9t\u00e9 cr\u00e9\u00e9e en 1963 par des entrepreneurs de la r\u00e9gion de Lleida dot\u00e9s d\u2019une grande exp\u00e9rience dans le secteur des fruits et l\u00e9gumes, dont le principal objectif est de permettre aux producteurs de fruits de commercialiser au mieux leurs produits tout en \u00e9tant tr\u00e8s comp\u00e9titifs. Il faut savoir que la province de Lleida a la plus grande concentration de fruits d\u2019Espagne et est une des plus importantes r\u00e9gion fruiti\u00e8re de l\u2019Union europ\u00e9enne. De plus, Lleida est la province espagnole leader pour la production de fruits \u00e0 p\u00e9pins et une des principales pour celle des fruits \u00e0 noyau.<\/p>\n\n\n\n<p>Les fournisseurs d\u2019ARILFRUT sont des agriculteurs des comarques de Lleida \u2013 El Segri\u00e0, La Noguera et El Pla d\u2019 Urgell) \u2013 et de Huesca \u2013 La Franja \u2013, qui travaillent pour beaucoup d\u2019entre eux depuis des dizaines d\u2019ann\u00e9es avec l\u2019entreprise et b\u00e9n\u00e9ficient du soutien de nos techniciens, qui les conseillent et les aident dans l\u2019exploitation de leurs cultures afin d\u2019obtenir un fruit de grande qualit\u00e9. Nos fournisseurs sont pour la plupart associ\u00e9s \u00e0 l\u2019entreprise ; entreprise et fournisseurs forment ainsi une grande famille.<\/p>\n","protected":false},"excerpt":{"rendered":"<p>Depuis 1963 \u00e0 Lleida Arilfrut est une centrale fruiti\u00e8re qui a \u00e9t\u00e9 cr\u00e9\u00e9e en 1963 par des entrepreneurs de la r\u00e9gion de Lleida dot\u00e9s d\u2019une grande exp\u00e9rience dans le secteur des fruits et l\u00e9gumes, dont le principal objectif est de permettre aux producteurs de fruits de commercialiser au mieux leurs produits tout en \u00e9tant tr\u00e8s [&hellip;]<\/p>\n","protected":false},"author":1,"featured_media":1061,"parent":0,"menu_order":0,"comment_status":"closed","ping_status":"closed","template":"templates\/aboutpage.php","meta":{"footnotes":""},"class_list":["post-1060","page","type-page","status-publish","has-post-thumbnail","hentry"],"_links":{"self":[{"href":"https:\/\/arilfrut.com\/fr\/wp-json\/wp\/v2\/pages\/1060","targetHints":{"allow":["GET"]}}],"collection":[{"href":"https:\/\/arilfrut.com\/fr\/wp-json\/wp\/v2\/pages"}],"about":[{"href":"https:\/\/arilfrut.com\/fr\/wp-json\/wp\/v2\/types\/page"}],"author":[{"embeddable":true,"href":"https:\/\/arilfrut.com\/fr\/wp-json\/wp\/v2\/users\/1"}],"replies":[{"embeddable":true,"href":"https:\/\/arilfrut.com\/fr\/wp-json\/wp\/v2\/comments?post=1060"}],"version-history":[{"count":0,"href":"https:\/\/arilfrut.com\/fr\/wp-json\/wp\/v2\/pages\/1060\/revisions"}],"wp:featuredmedia":[{"embeddable":true,"href":"https:\/\/arilfrut.com\/fr\/wp-json\/wp\/v2\/media\/1061"}],"wp:attachment":[{"href":"https:\/\/arilfrut.com\/fr\/wp-json\/wp\/v2\/media?parent=1060"}],"curies":[{"name":"wp","href":"https:\/\/api.w.org\/{rel}","templated":true}]}}